{"id":3,"date":"2024-10-31T18:05:54","date_gmt":"2024-10-31T18:05:54","guid":{"rendered":"https:\/\/jurexgroup.com\/?page_id=3"},"modified":"2025-02-21T13:12:38","modified_gmt":"2025-02-21T13:12:38","slug":"politique-de-confidentialite","status":"publish","type":"page","link":"https:\/\/jurexgroup.com\/fr\/polityka-prywatnosci\/","title":{"rendered":"Politique de confidentialit\u00e9"},"content":{"rendered":"<p><strong>A. Introduction<\/strong><\/p>\n\n\n\n<ol class=\"wp-block-list\">\n<li>Cette politique de confidentialit\u00e9 explique ce que nous faisons de vos donn\u00e9es personnelles et quels sont vos droits lorsque vous visitez notre site web.<\/li>\n\n\n\n<li>L'administrateur des donn\u00e9es personnelles est Zak\u0142ady Mechaniczno - Remontowe Jurex Ryszard Pilis Okr\u0119\u017cna 32B, 05-502 Piaseczno, NIP : 1231555738, REGON : 528465291.<\/li>\n\n\n\n<li>Il est possible de contacter le responsable du traitement des donn\u00e9es et le d\u00e9l\u00e9gu\u00e9 \u00e0 la protection des donn\u00e9es en envoyant un message \u00e0 l'adresse indiqu\u00e9e au point 2 ou par courrier \u00e9lectronique \u00e0 l'adresse suivante : kontakt@jurexgroup.com.<\/li>\n<\/ol>\n\n\n\n<p><strong>B. Collecte de donn\u00e9es \u00e0 caract\u00e8re personnel<\/strong><\/p>\n\n\n\n<p>Les types de donn\u00e9es \u00e0 caract\u00e8re personnel suivants peuvent \u00eatre collect\u00e9s, stock\u00e9s et utilis\u00e9s :<\/p>\n\n\n\n<ol class=\"wp-block-list\">\n<li>des informations sur l'ordinateur, notamment l'adresse IP, la localisation g\u00e9ographique, le type et la version du navigateur et le syst\u00e8me d'exploitation ;<\/li>\n\n\n\n<li>des informations sur vos visites et votre utilisation de ce site web, y compris la source des renvois, la dur\u00e9e de la visite, les pages consult\u00e9es et les chemins de navigation du site ;<\/li>\n\n\n\n<li>des informations telles que votre adresse \u00e9lectronique, votre pr\u00e9nom, votre nom, le nom de votre entreprise, votre num\u00e9ro d'identification fiscale, que vous fournissez lorsque vous remplissez le formulaire de contact sur notre site web ;<\/li>\n\n\n\n<li>les informations g\u00e9n\u00e9r\u00e9es lorsque vous utilisez notre site web, y compris quand, \u00e0 quelle fr\u00e9quence et dans quelles circonstances vous l'utilisez ;<\/li>\n\n\n\n<li>les informations contenues dans toute correspondance qui nous est envoy\u00e9e par courrier \u00e9lectronique ou par l'interm\u00e9diaire de notre site web, y compris le contenu de la communication et les m\u00e9tadonn\u00e9es ;<\/li>\n\n\n\n<li>toute autre donn\u00e9e personnelle que vous nous transmettez.<\/li>\n<\/ol>\n\n\n\n<p>Avant de nous communiquer les donn\u00e9es \u00e0 caract\u00e8re personnel d'une autre personne, vous devez obtenir le consentement de cette personne \u00e0 la divulgation et au traitement de ces donn\u00e9es conform\u00e9ment \u00e0 la pr\u00e9sente politique.<\/p>\n\n\n\n<p><strong>C. Utilisation de vos donn\u00e9es personnelles<\/strong><\/p>\n\n\n\n<p>Les donn\u00e9es \u00e0 caract\u00e8re personnel qui nous sont communiqu\u00e9es par l'interm\u00e9diaire de notre site web seront utilis\u00e9es aux fins \u00e9nonc\u00e9es dans la pr\u00e9sente politique ou dans les pages correspondantes du site web. Nous pouvons utiliser vos donn\u00e9es personnelles dans le but de :<\/p>\n\n\n\n<ol class=\"wp-block-list\">\n<li>l'administration de notre site web et de nos activit\u00e9s ;<\/li>\n\n\n\n<li>pour envoyer des communications commerciales non marketing en rapport avec une demande de renseignements effectu\u00e9e par le biais du formulaire ;<\/li>\n<\/ol>\n\n\n\n<p>Nous ne transmettrons pas de donn\u00e9es personnelles \u00e0 des tiers, ni \u00e0 d'autres tiers apparent\u00e9s.<\/p>\n\n\n\n<p><strong>D. Divulgation de donn\u00e9es \u00e0 caract\u00e8re personnel<\/strong><\/p>\n\n\n\n<p>Nous pouvons divulguer vos informations personnelles \u00e0 l'un de nos employ\u00e9s, dirigeants, agents, fournisseurs ou sous-traitants si cela est n\u00e9cessaire aux fins \u00e9nonc\u00e9es dans la pr\u00e9sente politique de protection de la vie priv\u00e9e.<\/p>\n\n\n\n<p>Nous pouvons divulguer vos donn\u00e9es personnelles :<\/p>\n\n\n\n<ol class=\"wp-block-list\">\n<li>dans la mesure o\u00f9 la loi l'exige ;<\/li>\n\n\n\n<li>dans le cadre de proc\u00e9dures judiciaires en cours ou potentielles ;<\/li>\n\n\n\n<li>pour \u00e9tablir, faire respecter ou d\u00e9fendre nos droits (y compris le partage d'informations avec d'autres pour pr\u00e9venir la fraude) ;<\/li>\n<\/ol>\n\n\n\n<p>Sauf dans les cas pr\u00e9vus dans la pr\u00e9sente \"politique de confidentialit\u00e9\", nous ne partagerons pas vos informations avec des tiers.<\/p>\n\n\n\n<p><strong>E. Conservation des donn\u00e9es \u00e0 caract\u00e8re personnel<\/strong><\/p>\n\n\n\n<ol class=\"wp-block-list\">\n<li>Dans la pr\u00e9sente section E, nous exposons nos politiques et proc\u00e9dures de conservation des donn\u00e9es afin de nous assurer que nous respectons nos obligations l\u00e9gales en mati\u00e8re de conservation et de suppression des donn\u00e9es \u00e0 caract\u00e8re personnel.<\/li>\n\n\n\n<li>Les donn\u00e9es \u00e0 caract\u00e8re personnel que nous traitons pour une ou plusieurs finalit\u00e9s ne seront pas conserv\u00e9es plus longtemps que n\u00e9cessaire pour cette ou ces finalit\u00e9s.<\/li>\n\n\n\n<li>Sans pr\u00e9judice de l'article E-2, nous supprimerons normalement les donn\u00e9es \u00e0 caract\u00e8re personnel appartenant aux cat\u00e9gories d\u00e9finies ci-dessous \u00e0 la date\/heure sp\u00e9cifi\u00e9e ci-dessous :\n<ol class=\"wp-block-list\">\n<li>le type de donn\u00e9es personnelles sera supprim\u00e9 {INSCRIRE LA DATE\/HEURE} ; et<\/li>\n\n\n\n<li>{ENTRER LES DATES\/HEURES SUPPL\u00c9MENTAIRES}.<\/li>\n<\/ol>\n<\/li>\n\n\n\n<li>Nonobstant toute autre disposition de la pr\u00e9sente section E, nous conserverons les documents (y compris les documents \u00e9lectroniques) contenant des donn\u00e9es \u00e0 caract\u00e8re personnel :\n<ol class=\"wp-block-list\">\n<li>dans la mesure o\u00f9 la loi l'exige ;<\/li>\n\n\n\n<li>si nous estimons que les documents peuvent \u00eatre pertinents dans le cadre d'une proc\u00e9dure judiciaire en cours ou \u00e0 venir ; et<\/li>\n\n\n\n<li>pour \u00e9tablir, faire respecter ou d\u00e9fendre nos droits (y compris le partage d'informations avec d'autres pour pr\u00e9venir la fraude).<\/li>\n<\/ol>\n<\/li>\n<\/ol>\n\n\n\n<p><strong>F. S\u00e9curit\u00e9 des donn\u00e9es \u00e0 caract\u00e8re personnel<\/strong><\/p>\n\n\n\n<ol class=\"wp-block-list\">\n<li>Nous prendrons des pr\u00e9cautions techniques et organisationnelles raisonnables pour \u00e9viter la perte, l'utilisation abusive ou l'alt\u00e9ration de vos donn\u00e9es personnelles.<\/li>\n\n\n\n<li>Nous stockons toutes les donn\u00e9es personnelles que vous nous fournissez sur nos serveurs s\u00e9curis\u00e9s (prot\u00e9g\u00e9s par un mot de passe et un pare-feu).<\/li>\n\n\n\n<li>L'utilisateur reconna\u00eet que la transmission d'informations via Internet est potentiellement dangereuse et que la s\u00e9curit\u00e9 des donn\u00e9es transmises par ce biais n'est pas garantie.<\/li>\n<\/ol>\n\n\n\n<p><strong>G. Amendements<\/strong><\/p>\n\n\n\n<p>Cette politique peut \u00eatre mise \u00e0 jour de temps \u00e0 autre par la publication d'une nouvelle version sur notre site web. Nous vous conseillons de consulter cette page de temps \u00e0 autre pour vous assurer que vous avez bien compris les modifications apport\u00e9es \u00e0 la pr\u00e9sente politique. Nous pouvons vous informer des modifications apport\u00e9es \u00e0 la pr\u00e9sente politique par courrier \u00e9lectronique ou par le syst\u00e8me de messagerie priv\u00e9e de notre site web.<\/p>\n\n\n\n<p><strong>H. Vos droits<\/strong><\/p>\n\n\n\n<p>Vous avez le droit (dans les circonstances et sous r\u00e9serve des conditions et exceptions pr\u00e9vues par la l\u00e9gislation applicable)<\/p>\n\n\n\n<ol class=\"wp-block-list\">\n<li>Demander l'acc\u00e8s aux donn\u00e9es personnelles que nous traitons \u00e0 votre sujet : vous avez le droit de savoir si nous d\u00e9tenons vos donn\u00e9es personnelles et, si c'est le cas, vous avez le droit d'\u00eatre inform\u00e9 de ces donn\u00e9es personnelles et d'en obtenir une copie.<\/li>\n\n\n\n<li>Demander la rectification des donn\u00e9es \u00e0 caract\u00e8re personnel : ce droit vous permet de demander la rectification des donn\u00e9es \u00e0 caract\u00e8re personnel si elles sont inexactes ou incompl\u00e8tes.<\/li>\n\n\n\n<li>S'opposer au traitement de vos donn\u00e9es personnelles : ce droit vous permet de demander au Groupe Jurex de cesser le traitement de vos donn\u00e9es personnelles.<\/li>\n\n\n\n<li>Demander l'effacement des donn\u00e9es \u00e0 caract\u00e8re personnel : ce droit vous permet de demander l'effacement des donn\u00e9es \u00e0 caract\u00e8re personnel, y compris lorsque ces donn\u00e9es ne sont plus n\u00e9cessaires pour atteindre les objectifs fix\u00e9s.<\/li>\n\n\n\n<li>Demander la limitation du traitement de vos donn\u00e9es personnelles : ce droit vous permet de demander que le Groupe Jurex ne traite vos donn\u00e9es personnelles que dans des circonstances limit\u00e9es, y compris avec votre consentement.<\/li>\n\n\n\n<li>Exiger la portabilit\u00e9 de vos donn\u00e9es \u00e0 caract\u00e8re personnel : ce droit vous permet de recevoir une copie des donn\u00e9es \u00e0 caract\u00e8re personnel (dans un format structur\u00e9, couramment utilis\u00e9 et lisible par machine) que vous avez fournies au Groupe Jurex, ou de demander au Groupe Jurex de transf\u00e9rer ces donn\u00e9es \u00e0 caract\u00e8re personnel \u00e0 un autre responsable du traitement.<\/li>\n<\/ol>\n\n\n\n<p>En ce qui concerne l'exercice de vos droits relatifs \u00e0 vos donn\u00e9es personnelles, veuillez contacter le d\u00e9l\u00e9gu\u00e9 \u00e0 la protection des donn\u00e9es.<\/p>\n\n\n\n<p><strong>I. Les cookies<\/strong><\/p>\n\n\n\n<ol class=\"wp-block-list\">\n<li>En acceptant l'utilisation de cookies conform\u00e9ment aux conditions de la pr\u00e9sente politique lors de votre premi\u00e8re visite sur notre site, vous nous autorisez \u00e0 utiliser des cookies lors de chacune de vos visites ult\u00e9rieures sur notre site.<\/li>\n<\/ol>\n\n\n\n<ol start=\"2\" class=\"wp-block-list\">\n<li>Notre site web utilise des cookies. Un cookie est un fichier contenant un identifiant (une cha\u00eene de lettres et de chiffres) qui est envoy\u00e9 par un serveur web \u00e0 un navigateur web et stock\u00e9 par ce dernier. Les donn\u00e9es d'identification sont renvoy\u00e9es au serveur chaque fois que le navigateur envoie une demande d'ouverture d'une page situ\u00e9e sur le serveur. Les cookies peuvent \u00eatre \"persistants\" ou \"de session\" : les cookies persistants sont stock\u00e9s par le navigateur web et restent valables jusqu'\u00e0 une date d'expiration d\u00e9termin\u00e9e, \u00e0 moins que l'utilisateur ne les supprime avant la date d'expiration ; un cookie de session expire \u00e0 la fin de la session de l'utilisateur, lorsque le navigateur web est ferm\u00e9. Les cookies ne contiennent normalement aucune information permettant de vous identifier, mais les informations personnelles que nous d\u00e9tenons \u00e0 votre sujet peuvent \u00eatre li\u00e9es aux informations stock\u00e9es dans les cookies et d\u00e9riv\u00e9es de ceux-ci. {Nous utilisons uniquement des cookies de session \/ uniquement des cookies persistants \/ \u00e0 la fois des cookies de session et des cookies persistants sur notre site}.<\/li>\n\n\n\n<li>Les noms des cookies que nous utilisons sur notre site web et les objectifs pour lesquels ils sont utilis\u00e9s sont indiqu\u00e9s ci-dessous :\n<ol class=\"wp-block-list\">\n<li>nous utilisons Google Analytics et Adwords sur notre site web pour reconna\u00eetre un ordinateur lorsqu'un utilisateur {OBEY ALL US FOR WHICH COOKIES ARE USED ON YOUR WEBSITE, visiter le site web \/ suivre les utilisateurs lorsqu'ils naviguent sur le site web \/ permettre l'utilisation du panier d'achat sur le site web \/ am\u00e9liorer la convivialit\u00e9 du site web \/ analyser l'utilisation du site web \/ administrer le site web \/ g\u00e9rer le site web \/ pr\u00e9venir la fraude et am\u00e9liorer la s\u00e9curit\u00e9 du site web \/ personnaliser le site web pour chaque utilisateur \/ cibler la publicit\u00e9 qui peut \u00eatre d'un int\u00e9r\u00eat particulier pour certains utilisateurs \/ d\u00e9crire les finalit\u00e9s} ;<\/li>\n<\/ol>\n<\/li>\n\n\n\n<li>La plupart des navigateurs vous permettent de refuser les cookies. Pour ce faire, veuillez consulter les param\u00e8tres du navigateur que vous utilisez et suivre les instructions de gestion des cookies de votre navigateur.<\/li>\n<\/ol>","protected":false},"excerpt":{"rendered":"<p>A. Wprowadzenie B. Zbieranie danych osobowych Nast\u0119puj\u0105ce rodzaje danych osobowych mog\u0105 by\u0107 gromadzone, przechowywane i wykorzystywane: Zanim ujawnisz nam dane osobowe innej osoby, musisz uzyska\u0107 zgod\u0119 tej osoby na ujawnienie i przetwarzanie tych danych osobowych zgodnie z niniejszymi zasadami C. Korzystanie z Twoich danych osobowych Dane osobowe przes\u0142ane do nas za po\u015brednictwem naszej strony internetowej [&hellip;]<\/p>\n","protected":false},"author":1,"featured_media":0,"parent":0,"menu_order":0,"comment_status":"closed","ping_status":"closed","template":"","meta":{"_acf_changed":false,"footnotes":""},"class_list":["post-3","page","type-page","status-publish","hentry"],"acf":[],"_links":{"self":[{"href":"https:\/\/jurexgroup.com\/fr\/wp-json\/wp\/v2\/pages\/3","targetHints":{"allow":["GET"]}}],"collection":[{"href":"https:\/\/jurexgroup.com\/fr\/wp-json\/wp\/v2\/pages"}],"about":[{"href":"https:\/\/jurexgroup.com\/fr\/wp-json\/wp\/v2\/types\/page"}],"author":[{"embeddable":true,"href":"https:\/\/jurexgroup.com\/fr\/wp-json\/wp\/v2\/users\/1"}],"replies":[{"embeddable":true,"href":"https:\/\/jurexgroup.com\/fr\/wp-json\/wp\/v2\/comments?post=3"}],"version-history":[{"count":0,"href":"https:\/\/jurexgroup.com\/fr\/wp-json\/wp\/v2\/pages\/3\/revisions"}],"wp:attachment":[{"href":"https:\/\/jurexgroup.com\/fr\/wp-json\/wp\/v2\/media?parent=3"}],"curies":[{"name":"wp","href":"https:\/\/api.w.org\/{rel}","templated":true}]}}