{"id":3,"date":"2024-10-31T18:05:54","date_gmt":"2024-10-31T18:05:54","guid":{"rendered":"https:\/\/jurexgroup.com\/?page_id=3"},"modified":"2025-02-21T13:12:38","modified_gmt":"2025-02-21T13:12:38","slug":"datenschutzbestimmungen","status":"publish","type":"page","link":"https:\/\/jurexgroup.com\/de\/polityka-prywatnosci\/","title":{"rendered":"Datenschutzbestimmungen"},"content":{"rendered":"<p><strong>A. Einleitung<\/strong><\/p>\n\n\n\n<ol class=\"wp-block-list\">\n<li>In dieser Datenschutzerkl\u00e4rung wird erl\u00e4utert, wie wir mit Ihren pers\u00f6nlichen Daten umgehen und welche Rechte Sie haben, wenn Sie unsere Website besuchen.<\/li>\n\n\n\n<li>Der Verwalter der pers\u00f6nlichen Daten ist Zak\u0142ady Mechaniczno - Remontowe Jurex Ryszard Pilis Okr\u0119\u017cna 32B, 05-502 Piaseczno, NIP: 1231555738, REGON: 528465291.<\/li>\n\n\n\n<li>Sie k\u00f6nnen sich mit dem f\u00fcr die Verarbeitung Verantwortlichen und dem Datenschutzbeauftragten in Verbindung setzen, indem Sie eine Nachricht an die unter Punkt 2 angegebene Adresse senden oder eine E-Mail an kontakt@jurexgroup.com.<\/li>\n<\/ol>\n\n\n\n<p><strong>B. Erhebung von personenbezogenen Daten<\/strong><\/p>\n\n\n\n<p>Die folgenden Arten von personenbezogenen Daten k\u00f6nnen erhoben, gespeichert und verwendet werden:<\/p>\n\n\n\n<ol class=\"wp-block-list\">\n<li>Informationen \u00fcber den Computer, einschlie\u00dflich IP-Adresse, geografischer Standort, Browsertyp und -version sowie Betriebssystem;<\/li>\n\n\n\n<li>Informationen \u00fcber Ihre Besuche auf dieser Website und deren Nutzung, einschlie\u00dflich der Quelle der Verweise, der Dauer des Besuchs, der Seitenaufrufe und der Navigationspfade;<\/li>\n\n\n\n<li>Informationen wie Ihre E-Mail-Adresse, Ihren Vor- und Nachnamen, Ihren Firmennamen und Ihre Steueridentifikationsnummer, die Sie beim Ausf\u00fcllen des Kontaktformulars auf unserer Website angeben;<\/li>\n\n\n\n<li>Informationen, die bei der Nutzung unserer Website generiert werden, einschlie\u00dflich der Frage, wann, wie oft und unter welchen Umst\u00e4nden Sie sie nutzen;<\/li>\n\n\n\n<li>Informationen, die in jeglicher Korrespondenz enthalten sind, die per E-Mail oder \u00fcber unsere Website an uns gesendet wird, einschlie\u00dflich des Inhalts der Kommunikation und der Metadaten;<\/li>\n\n\n\n<li>alle anderen personenbezogenen Daten, die Sie uns \u00fcbermitteln.<\/li>\n<\/ol>\n\n\n\n<p>Bevor Sie die personenbezogenen Daten einer anderen Person an uns weitergeben, m\u00fcssen Sie die Zustimmung dieser Person zur Weitergabe und Verarbeitung dieser personenbezogenen Daten in \u00dcbereinstimmung mit dieser Richtlinie einholen<\/p>\n\n\n\n<p><strong>C. Verwendung Ihrer personenbezogenen Daten<\/strong><\/p>\n\n\n\n<p>Personenbezogene Daten, die uns \u00fcber unsere Website \u00fcbermittelt werden, werden f\u00fcr die in dieser Richtlinie oder auf den entsprechenden Seiten der Website genannten Zwecke verwendet. Wir k\u00f6nnen Ihre personenbezogenen Daten f\u00fcr die folgenden Zwecke verwenden:<\/p>\n\n\n\n<ol class=\"wp-block-list\">\n<li>Verwaltung unserer Website und unseres Gesch\u00e4fts;<\/li>\n\n\n\n<li>um im Zusammenhang mit einer Anfrage \u00fcber das Formular kommerzielle Mitteilungen ohne Marketingcharakter zu versenden;<\/li>\n<\/ol>\n\n\n\n<p>Wir geben keine personenbezogenen Daten an Dritte oder andere verbundene Dritte weiter.<\/p>\n\n\n\n<p><strong>D. Weitergabe von personenbezogenen Daten<\/strong><\/p>\n\n\n\n<p>Wir sind berechtigt, Ihre pers\u00f6nlichen Daten an unsere Mitarbeiter, leitenden Angestellten, Vertreter, Lieferanten oder Subunternehmer weiterzugeben, wenn dies f\u00fcr die in dieser Datenschutzrichtlinie dargelegten Zwecke erforderlich ist.<\/p>\n\n\n\n<p>Wir k\u00f6nnen Ihre personenbezogenen Daten weitergeben:<\/p>\n\n\n\n<ol class=\"wp-block-list\">\n<li>in dem gesetzlich vorgeschriebenen Umfang;<\/li>\n\n\n\n<li>im Zusammenhang mit laufenden oder m\u00f6glichen Gerichtsverfahren;<\/li>\n\n\n\n<li>um unsere Rechte zu begr\u00fcnden, durchzusetzen oder zu verteidigen (einschlie\u00dflich der Weitergabe von Informationen an andere, um Betrug zu verhindern);<\/li>\n<\/ol>\n\n\n\n<p>Mit Ausnahme der in dieser \"Datenschutzrichtlinie\" genannten F\u00e4lle werden wir Ihre Daten nicht an Dritte weitergeben.<\/p>\n\n\n\n<p><strong>E. Aufbewahrung von personenbezogenen Daten<\/strong><\/p>\n\n\n\n<ol class=\"wp-block-list\">\n<li>In diesem Abschnitt E legen wir unsere Richtlinien und Verfahren zur Datenaufbewahrung dar, um sicherzustellen, dass wir unseren gesetzlichen Verpflichtungen zur Aufbewahrung und L\u00f6schung personenbezogener Daten nachkommen.<\/li>\n\n\n\n<li>Personenbezogene Daten, die wir f\u00fcr einen oder mehrere Zwecke verarbeiten, werden nicht l\u00e4nger aufbewahrt, als f\u00fcr diesen Zweck oder diese Zwecke erforderlich ist.<\/li>\n\n\n\n<li>Unbeschadet des Artikels E-2 l\u00f6schen wir personenbezogene Daten, die zu den nachstehend definierten Kategorien geh\u00f6ren, in der Regel zu dem nachstehend angegebenen Datum\/Zeitpunkt:\n<ol class=\"wp-block-list\">\n<li>personenbezogene Daten werden gel\u00f6scht {DATUM\/ZEIT EINF\u00dcGEN}; und<\/li>\n\n\n\n<li>{ZUS\u00c4TZLICHE DATEN\/ZEITEN EINGEBEN}.<\/li>\n<\/ol>\n<\/li>\n\n\n\n<li>Ungeachtet aller anderen Bestimmungen dieses Abschnitts E werden wir Dokumente (einschlie\u00dflich elektronischer Dokumente), die personenbezogene Daten enthalten, aufbewahren:\n<ol class=\"wp-block-list\">\n<li>in dem gesetzlich vorgeschriebenen Umfang;<\/li>\n\n\n\n<li>wenn wir der Ansicht sind, dass die Dokumente f\u00fcr ein anh\u00e4ngiges oder k\u00fcnftiges Gerichtsverfahren relevant sein k\u00f6nnten; und<\/li>\n\n\n\n<li>um unsere Rechte zu begr\u00fcnden, durchzusetzen oder zu verteidigen (einschlie\u00dflich der Weitergabe von Informationen an andere, um Betrug zu verhindern).<\/li>\n<\/ol>\n<\/li>\n<\/ol>\n\n\n\n<p><strong>F. Sicherheit der personenbezogenen Daten<\/strong><\/p>\n\n\n\n<ol class=\"wp-block-list\">\n<li>Wir werden angemessene technische und organisatorische Vorkehrungen treffen, um den Verlust, den Missbrauch oder die Ver\u00e4nderung Ihrer personenbezogenen Daten zu verhindern.<\/li>\n\n\n\n<li>Wir speichern alle pers\u00f6nlichen Daten, die Sie uns zur Verf\u00fcgung stellen, auf unseren sicheren Servern (passwort- und firewallgesch\u00fctzt).<\/li>\n\n\n\n<li>Der Nutzer erkennt an, dass die \u00dcbermittlung von Informationen \u00fcber das Internet potenziell gef\u00e4hrlich ist und dass die Sicherheit der auf diese Weise \u00fcbermittelten Daten nicht gew\u00e4hrleistet ist.<\/li>\n<\/ol>\n\n\n\n<p><strong>G. \u00c4nderungsantr\u00e4ge<\/strong><\/p>\n\n\n\n<p>Diese Richtlinie kann von Zeit zu Zeit durch Ver\u00f6ffentlichung einer neuen Version auf unserer Website aktualisiert werden. Sie sollten diese Seite von Zeit zu Zeit \u00fcberpr\u00fcfen, um sicherzustellen, dass Sie alle \u00c4nderungen an dieser Richtlinie verstehen. Wir k\u00f6nnen Sie per E-Mail oder \u00fcber das private Nachrichtensystem auf unserer Website \u00fcber \u00c4nderungen an dieser Richtlinie informieren.<\/p>\n\n\n\n<p><strong>H. Ihre Rechte<\/strong><\/p>\n\n\n\n<p>Sie haben das Recht (unter den Umst\u00e4nden und vorbehaltlich der Bedingungen und Ausnahmen, die im geltenden Recht festgelegt sind):<\/p>\n\n\n\n<ol class=\"wp-block-list\">\n<li>Zugang zu den personenbezogenen Daten, die wir \u00fcber Sie verarbeiten, zu verlangen: Sie haben das Recht zu erfahren, ob wir \u00fcber Ihre personenbezogenen Daten verf\u00fcgen, und wenn ja, haben Sie das Recht, \u00fcber diese personenbezogenen Daten informiert zu werden und eine Kopie davon zu erhalten.<\/li>\n\n\n\n<li>Antrag auf Berichtigung personenbezogener Daten: Dieses Recht gibt Ihnen das Recht, die Berichtigung personenbezogener Daten zu verlangen, wenn diese unrichtig oder unvollst\u00e4ndig sind.<\/li>\n\n\n\n<li>Widerspruch gegen die Verarbeitung Ihrer personenbezogenen Daten: Mit diesem Recht k\u00f6nnen Sie die Jurex-Gruppe auffordern, die Verarbeitung Ihrer personenbezogenen Daten einzustellen.<\/li>\n\n\n\n<li>Verlangen der L\u00f6schung personenbezogener Daten: Dieses Recht berechtigt Sie dazu, die L\u00f6schung personenbezogener Daten zu verlangen, auch wenn diese personenbezogenen Daten nicht mehr f\u00fcr die Erf\u00fcllung der Zwecke ben\u00f6tigt werden.<\/li>\n\n\n\n<li>eine Einschr\u00e4nkung der Verarbeitung Ihrer personenbezogenen Daten zu verlangen: Mit diesem Recht k\u00f6nnen Sie verlangen, dass die Jurex-Gruppe Ihre personenbezogenen Daten nur unter eingeschr\u00e4nkten Umst\u00e4nden, einschlie\u00dflich Ihrer Zustimmung, verarbeitet.<\/li>\n\n\n\n<li>Verlangen Sie die \u00dcbertragbarkeit Ihrer personenbezogenen Daten: Dieses Recht gibt Ihnen das Recht, eine Kopie der personenbezogenen Daten (in einem strukturierten, g\u00e4ngigen und maschinenlesbaren Format) zu erhalten, die Sie der Jurex-Gruppe zur Verf\u00fcgung gestellt haben, oder die Jurex-Gruppe aufzufordern, diese personenbezogenen Daten an einen anderen Verantwortlichen zu \u00fcbertragen.<\/li>\n<\/ol>\n\n\n\n<p>Wenn Sie Ihre Rechte in Bezug auf Ihre personenbezogenen Daten wahrnehmen m\u00f6chten, wenden Sie sich bitte an den Datenschutzbeauftragten.<\/p>\n\n\n\n<p><strong>I. Cookies<\/strong><\/p>\n\n\n\n<ol class=\"wp-block-list\">\n<li>Wenn Sie bei Ihrem ersten Besuch auf unserer Website der Verwendung von Cookies gem\u00e4\u00df den Bedingungen dieser Richtlinie zustimmen, k\u00f6nnen wir bei jedem weiteren Besuch auf unserer Website Cookies verwenden.<\/li>\n<\/ol>\n\n\n\n<ol start=\"2\" class=\"wp-block-list\">\n<li>Unsere Website verwendet Cookies. Ein Cookie ist eine Datei, die eine Kennung (eine Zeichenfolge aus Buchstaben und Zahlen) enth\u00e4lt, die von einem Webserver an einen Webbrowser gesendet und vom Browser gespeichert wird. Die Identifikationsdaten werden jedes Mal an den Server zur\u00fcckgeschickt, wenn der Browser eine Anfrage zum \u00d6ffnen einer Seite auf dem Server sendet. Bei Cookies kann es sich um \"dauerhafte\" oder \"Sitzungs\"-Cookies handeln: dauerhafte Cookies werden vom Webbrowser gespeichert und bleiben bis zu einem bestimmten Ablaufdatum g\u00fcltig, es sei denn, der Benutzer l\u00f6scht sie vor dem Ablaufdatum; ein Sitzungs-Cookie l\u00e4uft am Ende der Sitzung des Benutzers ab, wenn der Webbrowser geschlossen wird. Cookies enthalten normalerweise keine Informationen, mit denen Sie identifiziert werden k\u00f6nnen, aber die pers\u00f6nlichen Daten, die wir \u00fcber Sie haben, k\u00f6nnen mit Informationen verkn\u00fcpft werden, die in Cookies gespeichert sind und von ihnen abgeleitet werden. {W\u00e4hlen Sie den richtigen Satz Wir verwenden nur Sitzungscookies \/ nur dauerhafte Cookies \/ sowohl Sitzungs- als auch dauerhafte Cookies auf unserer Website}.<\/li>\n\n\n\n<li>Die Namen der Cookies, die wir auf unserer Website verwenden, und die Zwecke, f\u00fcr die sie eingesetzt werden, sind im Folgenden aufgef\u00fchrt:\n<ol class=\"wp-block-list\">\n<li>wir verwenden Google Analytics und Adwords auf unserer Website, um einen Computer zu erkennen, wenn ein Nutzer {VERBINDEN SIE SICH MIT ALLEN VERWENDUNGEN, F\u00dcR DIE COOKIES AUF IHRER WEBSITE VERWENDET WERDEN, die Website zu besuchen \/ die Nutzer beim Surfen auf der Website zu verfolgen \/ die Verwendung des Warenkorbs auf der Website zu erm\u00f6glichen \/ die Benutzerfreundlichkeit der Website zu verbessern \/ die Nutzung der Website zu analysieren \/ die Website zu verwalten \/ Betrug zu verhindern und die Sicherheit der Website zu verbessern \/ die Website f\u00fcr jeden Nutzer zu personalisieren \/ gezielt Werbung zu schalten, die f\u00fcr bestimmte Nutzer von besonderem Interesse sein k\u00f6nnte \/ die Zwecke zu beschreiben};<\/li>\n<\/ol>\n<\/li>\n\n\n\n<li>Bei den meisten Browsern k\u00f6nnen Sie Cookies ablehnen. Dazu konsultieren Sie bitte die Einstellungen des von Ihnen verwendeten Browsers und befolgen die Anweisungen zur Verwaltung von Cookies f\u00fcr Ihren Browser.<\/li>\n<\/ol>","protected":false},"excerpt":{"rendered":"<p>A. Wprowadzenie B. Zbieranie danych osobowych Nast\u0119puj\u0105ce rodzaje danych osobowych mog\u0105 by\u0107 gromadzone, przechowywane i wykorzystywane: Zanim ujawnisz nam dane osobowe innej osoby, musisz uzyska\u0107 zgod\u0119 tej osoby na ujawnienie i przetwarzanie tych danych osobowych zgodnie z niniejszymi zasadami C. Korzystanie z Twoich danych osobowych Dane osobowe przes\u0142ane do nas za po\u015brednictwem naszej strony internetowej [&hellip;]<\/p>\n","protected":false},"author":1,"featured_media":0,"parent":0,"menu_order":0,"comment_status":"closed","ping_status":"closed","template":"","meta":{"_acf_changed":false,"footnotes":""},"class_list":["post-3","page","type-page","status-publish","hentry"],"acf":[],"_links":{"self":[{"href":"https:\/\/jurexgroup.com\/de\/wp-json\/wp\/v2\/pages\/3","targetHints":{"allow":["GET"]}}],"collection":[{"href":"https:\/\/jurexgroup.com\/de\/wp-json\/wp\/v2\/pages"}],"about":[{"href":"https:\/\/jurexgroup.com\/de\/wp-json\/wp\/v2\/types\/page"}],"author":[{"embeddable":true,"href":"https:\/\/jurexgroup.com\/de\/wp-json\/wp\/v2\/users\/1"}],"replies":[{"embeddable":true,"href":"https:\/\/jurexgroup.com\/de\/wp-json\/wp\/v2\/comments?post=3"}],"version-history":[{"count":0,"href":"https:\/\/jurexgroup.com\/de\/wp-json\/wp\/v2\/pages\/3\/revisions"}],"wp:attachment":[{"href":"https:\/\/jurexgroup.com\/de\/wp-json\/wp\/v2\/media?parent=3"}],"curies":[{"name":"wp","href":"https:\/\/api.w.org\/{rel}","templated":true}]}}